{"id":3,"date":"2022-02-15T06:04:04","date_gmt":"2022-02-15T06:04:04","guid":{"rendered":"https:\/\/firesystemintegral.com.mx\/?page_id=3"},"modified":"2022-04-07T02:38:40","modified_gmt":"2022-04-07T02:38:40","slug":"politica-privacidad","status":"publish","type":"page","link":"https:\/\/firesystemintegral.com.mx\/index.php\/politica-privacidad\/","title":{"rendered":"Pol\u00edtica de privacidad"},"content":{"rendered":"<p>[et_pb_section fb_built=&#8221;1&#8243; custom_padding_last_edited=&#8221;off|desktop&#8221; admin_label=&#8221;Header&#8221; _builder_version=&#8221;4.14.8&#8243; _module_preset=&#8221;default&#8221; use_background_color_gradient=&#8221;on&#8221; background_color_gradient_start=&#8221;rgba(0,7,36,0.85)&#8221; background_color_gradient_end=&#8221;rgba(0,7,36,0.85)&#8221; background_color_gradient_overlays_image=&#8221;on&#8221; background_image=&#8221;https:\/\/firesystemintegral.com.mx\/wp-content\/uploads\/2022\/03\/IMG_20181220_122708-scaled.jpg&#8221; custom_padding=&#8221;8vw||0px||false|false&#8221; custom_padding_tablet=&#8221;120px||0px||false|false&#8221; custom_padding_phone=&#8221;80px||0px||false|false&#8221; locked=&#8221;off&#8221; global_colors_info=&#8221;{}&#8221;][et_pb_row _builder_version=&#8221;4.10.1&#8243; _module_preset=&#8221;default&#8221; locked=&#8221;off&#8221; global_colors_info=&#8221;{}&#8221;][et_pb_column type=&#8221;4_4&#8243; _builder_version=&#8221;4.10.0&#8243; _module_preset=&#8221;default&#8221; global_colors_info=&#8221;{}&#8221;][et_pb_text _builder_version=&#8221;4.10.4&#8243; _module_preset=&#8221;d72c0383-6487-4f2c-ac5c-7d48a6376757&#8243; header_font=&#8221;Michroma||||||||&#8221; header_text_color=&#8221;#FFFFFF&#8221; header_font_size=&#8221;72px&#8221; header_line_height=&#8221;1.1em&#8221; text_orientation=&#8221;right&#8221; background_layout=&#8221;dark&#8221; max_width=&#8221;700px&#8221; module_alignment=&#8221;right&#8221; animation_direction=&#8221;top&#8221; header_font_size_tablet=&#8221;48px&#8221; header_font_size_phone=&#8221;24px&#8221; header_font_size_last_edited=&#8221;on|phone&#8221; inline_fonts=&#8221;Arsenal&#8221; global_colors_info=&#8221;{}&#8221;]<\/p>\n<h1><span style=\"font-family: Arsenal;\">Pol\u00edtica de privacidad<\/span><\/h1>\n<p>[\/et_pb_text][\/et_pb_column][\/et_pb_row][\/et_pb_section][et_pb_section fb_built=&#8221;1&#8243; admin_label=&#8221;About&#8221; _builder_version=&#8221;4.10.4&#8243; _module_preset=&#8221;default&#8221; overflow-x=&#8221;hidden&#8221; overflow-y=&#8221;hidden&#8221; custom_padding=&#8221;0px||0px|||&#8221; global_colors_info=&#8221;{}&#8221;][et_pb_row _builder_version=&#8221;4.14.8&#8243; _module_preset=&#8221;default&#8221; custom_margin=&#8221;0px||||false|false&#8221; custom_padding=&#8221;0px||0px|||&#8221; global_colors_info=&#8221;{}&#8221;][et_pb_column type=&#8221;4_4&#8243; _builder_version=&#8221;4.10.2&#8243; _module_preset=&#8221;default&#8221; custom_padding=&#8221;150px||50px||false|false&#8221; custom_padding_tablet=&#8221;100px||||false|false&#8221; custom_padding_phone=&#8221;80px||||false|false&#8221; custom_padding_last_edited=&#8221;on|phone&#8221; global_colors_info=&#8221;{}&#8221;][et_pb_text _builder_version=&#8221;4.14.8&#8243; _module_preset=&#8221;16a54059-cc81-4572-9c70-eda6a6c419bf&#8221; text_font=&#8221;Arsenal||||||||&#8221; text_font_size=&#8221;20px&#8221; text_line_height=&#8221;1.8em&#8221; min_height=&#8221;2997.3px&#8221; custom_margin=&#8221;-111px||||false|false&#8221; text_font_size_tablet=&#8221;15px&#8221; text_font_size_phone=&#8221;14px&#8221; text_font_size_last_edited=&#8221;on|phone&#8221; header_font_size_tablet=&#8221;55px&#8221; header_font_size_last_edited=&#8221;off|desktop&#8221; locked=&#8221;off&#8221; global_colors_info=&#8221;{}&#8221;]<\/p>\n<ol>\n<li style=\"text-align: justify;\"><strong><\/strong><strong>INFORMACI\u00d3N AL USUARIO<\/strong><\/li>\n<\/ol>\n<p style=\"text-align: justify;\">Fire System Integral, como Responsable del Tratamiento, le informa que, se preocupa por las cuestiones de privacidad y quiere informarle\u00a0 en que forma recopilamos, utilizamos y\/o divulgamos la informaci\u00f3n. Esta Pol\u00edtica se aplica al tratamiento de sus datos personales recogidos por la empresa para la prestaci\u00f3n de sus servicios. Si acepta las medidas de esta Pol\u00edtica, acepta que tratemos sus datos personales como se define en esta Pol\u00edtica.<\/p>\n<p>\u00a02.<strong style=\"font-size: 20px;\">CONTACTO<\/strong><\/p>\n<p>Fire System Integral<\/p>\n<p>Empresa de servicios y seguridad industrial<\/p>\n<p>Calle Norte 74 #7817, Col. Salvador D\u00edaz Mir\u00f3n, Del. Gustavo A. Madero,<\/p>\n<p>Ciudad de M\u00e9xico, M\u00e9xico, C.P. 07400<\/p>\n<p>Tel. +52 (55) 57-37-94-35<\/p>\n<p>Cel. +52 (55) 13-00-99-24<\/p>\n<p>e-mail: fla_sanchez@yahoo.com.mx<\/p>\n<p><strong>3. PRINCIPIOS CLAVE<\/strong><\/p>\n<p>Siempre hemos estado comprometidos con prestar nuestros servicios con el m\u00e1s alto grado de calidad, lo que incluye tratar sus datos con seguridad y transparencia. Nuestros principios son:<\/p>\n<ul>\n<li><strong>Legalidad<\/strong>: Solo recopilaremos sus Datos personales para fines espec\u00edficos, expl\u00edcitos y leg\u00edtimos.<\/li>\n<li><strong>Minimizaci\u00f3n de datos<\/strong>: Limitamos la recogida de datos de car\u00e1cter personal a lo que es estrictamente relevante y necesario para los fines para los que se han recopilado.<\/li>\n<li><strong>Limitaci\u00f3n de la Finalidad<\/strong>: Solo recogeremos sus datos personales para los fines declarados y solo seg\u00fan sus deseos.<\/li>\n<li><strong>Precisi\u00f3n<\/strong>: Mantendremos sus datos personales exactos y actualizados.<\/li>\n<li><strong>Seguridad de los Datos<\/strong>: Aplicamos las medidas t\u00e9cnicas y organizativas adecuadas y proporcionales a los riesgos para garantizar que sus datos no sufran da\u00f1os, tales como divulgaci\u00f3n o acceso no autorizado, la destrucci\u00f3n accidental o il\u00edcita o su p\u00e9rdida accidental o alteraci\u00f3n y cualquier otra forma de tratamiento il\u00edcito.<\/li>\n<li><strong>Acceso y Rectificaci\u00f3n<\/strong>: Disponemos de medios para que acceda o rectifique sus datos cuando lo considere oportuno.<\/li>\n<li><strong>Conservaci\u00f3n<\/strong>: Conservamos sus datos personales de manera legal y apropiada y solo mientras es necesario para los fines para los que se han recopilado.<\/li>\n<li><strong>Las transferencias internacionales<\/strong>: cuando se d\u00e9 el caso de que sus datos vayan a ser transferidos fuera de M\u00e9xico se proteger\u00e1n adecuadamente.<\/li>\n<li><strong>Terceros<\/strong>: El acceso y transferencia de datos personales a terceros se llevan a cabo de acuerdo con las leyes y reglamentos aplicables y con las garant\u00edas contractuales adecuadas.<\/li>\n<li><strong>Marketing Directo y cookies<\/strong>: Cumplimos con la legislaci\u00f3n aplicable en materia de publicidad y cookies.<\/li>\n<\/ul>\n<ol start=\"4\">\n<li><strong> RECOGIDA Y TRATAMIENTO DE SUS DATOS PERSONALES<\/strong><br \/>Las tipos de datos que se pueden solicitar y tratar son:<\/li>\n<\/ol>\n<ul>\n<li>Datos de car\u00e1cter identificativo.<\/li>\n<\/ul>\n<p>Tambi\u00e9n recogemos de forma autom\u00e1tica datos sobre su visita a nuestro sitio web\u00a0 seg\u00fan se describe en la pol\u00edtica de cookies.<\/p>\n<p>Siempre que solicitemos sus Datos personales, le informaremos con claridad de qu\u00e9 datos personales recogemos y con qu\u00e9 fin. En general, recogemos y tratamos sus datos personales con el prop\u00f3sito de:<\/p>\n<ul>\n<li>Responder a sus consultas y atender sus solicitudes.<\/li>\n<li>Enviarle informaci\u00f3n importante sobre nuestra relaci\u00f3n con usted o sobre el Sitio, las modificaciones de nuestros t\u00e9rminos, condiciones, y pol\u00edticas.<\/li>\n<li>An\u00e1lisis de datos con fines comerciales.<\/li>\n<li>El desarrollo de nuevos servicios.<\/li>\n<li>Mejora de nuestro Sitio<\/li>\n<li>Identificaci\u00f3n de las tendencias de uso del Sitio<\/li>\n<li>Determinar la eficacia de nuestras campa\u00f1as promocionales<\/li>\n<\/ul>\n<ol start=\"5\">\n<li><strong> LEGITIMIDAD<\/strong><\/li>\n<\/ol>\n<p>De acuerdo con la normativa de protecci\u00f3n de datos aplicable, sus datos personales podr\u00e1n tratarse siempre de que:<\/p>\n<ul>\n<li>Nos ha dado su consentimiento a los efectos del tratamiento. Por supuesto podr\u00e1 retirar su consentimiento en cualquier momento.<\/li>\n<li>Por requerimiento legal.<\/li>\n<li>Por existir un inter\u00e9s leg\u00edtimo que no se vea menoscabado por sus derechos de privacidad, como por ejemplo el env\u00edo de informaci\u00f3n comercial bien por suscripci\u00f3n a nuestra newsletter o por su condici\u00f3n de cliente.<\/li>\n<li>Por ser necesaria para la prestaci\u00f3n de alguno de nuestros servicios mediante relaci\u00f3n contractual entre usted y nosotros.<\/li>\n<li><\/li>\n<\/ul>\n<ol start=\"6\">\n<li><strong> COMUNICACI\u00d3N DE DATOS PERSONALES<\/strong><\/li>\n<\/ol>\n<p>Los datos pueden ser comunicados a empresas relacionadas con\u00a0<strong>Fire System Integral<\/strong>\u00a0para la prestaci\u00f3n de los diversos servicios en calidad de Encargados del Tratamiento. La empresa no realizar\u00e1 ninguna cesi\u00f3n, salvo por obligaci\u00f3n legal.<\/p>\n<ol start=\"7\">\n<li><strong> SUS DERECHOS<\/strong><\/li>\n<\/ol>\n<p>Esta pol\u00edtica de privacidad est\u00e1 dando cumplimiento a la Ley Federal de Protecci\u00f3n de Datos Personales en Posesi\u00f3n de los Particulares (de aqu\u00ed en adelante \u201cLa Ley\u201d), se hace entrega del Aviso de Privacidad a que se refieren los art\u00edculos 2, 16 y 17 de la Ley, a continuaci\u00f3n, se proporciona la informaci\u00f3n correspondiente:<\/p>\n<p>Usted como titular de los datos puede contactarnos a efecto que d\u00e9 as\u00ed convenir a sus intereses, limite o restrinja ya sea el uso o bien la divulgaci\u00f3n de los datos personales de los que Usted es titular.<\/p>\n<p>Los datos personales que ahora nos suministra, no ser\u00e1n transferidos a menos que:<\/p>\n<p>Usted lo autorice (Se le notificara por escrito tal circunstancia).<\/p>\n<p>Nos sea requerido o permitido en t\u00e9rminos de la Ley.<\/p>\n<p>La Ley garantiza los derechos de, quienes, como Usted, son titulares de datos personales, tales derechos son conocidos como ARCO, los cuales consisten en:<\/p>\n<p>A = Derecho de acceso a la informaci\u00f3n de sus datos personales.<\/p>\n<p>R = Derecho a la rectificaci\u00f3n de sus datos personales.<\/p>\n<p>C = Derecho a la correcci\u00f3n de sus datos personales.<\/p>\n<p>O = Derecho de oposici\u00f3n al uso de sus datos personales.<\/p>\n<p>Usted podr\u00e1 hacer valer estos derechos \u201cARCO\u201d de la siguiente forma:<\/p>\n<p>Dirigir un escrito en la p\u00e1gina de Contacto mediante la informaci\u00f3n de contacto aqu\u00ed referida, el cual le pedimos contenga la siguiente informaci\u00f3n:<\/p>\n<p>Su nombre, su domicilio o medio para poder contactarlo.<\/p>\n<p>Identificaci\u00f3n oficial (En su caso documento que acredite la representaci\u00f3n del titular de los datos personales).<\/p>\n<p>Describir precisamente los datos personales respecto de los cuales Usted desea ejercer cualquiera de los siguientes derechos: acceso, rectificaci\u00f3n, correcci\u00f3n u oposici\u00f3n al uso de sus datos personales<\/p>\n<ol start=\"8\">\n<li><strong> INFORMACI\u00d3N LEGAL<\/strong><br \/>Los requisitos de esta Pol\u00edtica complementan, y no reemplazan, cualquier otro requisito existente bajo la ley de protecci\u00f3n de datos aplicable, que ser\u00e1 la que prevalezca, en cualquier caso.<\/li>\n<\/ol>\n<p>Esta Pol\u00edtica est\u00e1 sujeta a revisiones peri\u00f3dicas y la empresa puede modificarla en cualquier momento. Cuando esto ocurra, le avisaremos de cualquier cambio y le pediremos que vuelva a leer la versi\u00f3n m\u00e1s reciente de nuestra Pol\u00edtica y que confirme su aceptaci\u00f3n.<\/p>\n<p>[\/et_pb_text][\/et_pb_column][\/et_pb_row][\/et_pb_section]<\/p>\n","protected":false},"excerpt":{"rendered":"<p>Pol\u00edtica de privacidad INFORMACI\u00d3N AL USUARIO Fire System Integral, como Responsable del Tratamiento, le informa que, se preocupa por las cuestiones de privacidad y quiere informarle\u00a0 en que forma recopilamos, utilizamos y\/o divulgamos la informaci\u00f3n. Esta Pol\u00edtica se aplica al tratamiento de sus datos personales recogidos por la empresa para la prestaci\u00f3n de sus servicios. [&hellip;]<\/p>\n","protected":false},"author":1,"featured_media":0,"parent":0,"menu_order":0,"comment_status":"closed","ping_status":"open","template":"","meta":{"_et_pb_use_builder":"on","_et_pb_old_content":"<!-- wp:heading --><h2>Qui\u00e9nes somos<\/h2><!-- \/wp:heading --><!-- wp:paragraph --><p><strong class=\"privacy-policy-tutorial\">Texto sugerido: <\/strong>La direcci\u00f3n de nuestra web es: https:\/\/firesystemintegral.com.mx.<\/p><!-- \/wp:paragraph --><!-- wp:heading --><h2>Comentarios<\/h2><!-- \/wp:heading --><!-- wp:paragraph --><p><strong class=\"privacy-policy-tutorial\">Texto sugerido: <\/strong>Cuando los visitantes dejan comentarios en la web, recopilamos los datos que se muestran en el formulario de comentarios, as\u00ed como la direcci\u00f3n IP del visitante y la cadena de agentes de usuario del navegador para ayudar a la detecci\u00f3n de spam.<\/p><!-- \/wp:paragraph --><!-- wp:paragraph --><p>Una cadena an\u00f3nima creada a partir de tu direcci\u00f3n de correo electr\u00f3nico (tambi\u00e9n llamada hash) puede ser proporcionada al servicio de Gravatar para ver si la est\u00e1s usando. La pol\u00edtica de privacidad del servicio Gravatar est\u00e1 disponible aqu\u00ed: https:\/\/automattic.com\/privacy\/. Despu\u00e9s de la aprobaci\u00f3n de tu comentario, la imagen de tu perfil es visible para el p\u00fablico en el contexto de tu comentario.<\/p><!-- \/wp:paragraph --><!-- wp:heading --><h2>Medios<\/h2><!-- \/wp:heading --><!-- wp:paragraph --><p><strong class=\"privacy-policy-tutorial\">Texto sugerido: <\/strong>Si subes im\u00e1genes a la web, deber\u00edas evitar subir im\u00e1genes con datos de ubicaci\u00f3n (GPS EXIF) incluidos. Los visitantes de la web pueden descargar y extraer cualquier dato de ubicaci\u00f3n de las im\u00e1genes de la web.<\/p><!-- \/wp:paragraph --><!-- wp:heading --><h2>Cookies<\/h2><!-- \/wp:heading --><!-- wp:paragraph --><p><strong class=\"privacy-policy-tutorial\">Texto sugerido: <\/strong>Si dejas un comentario en nuestro sitio puedes elegir guardar tu nombre, direcci\u00f3n de correo electr\u00f3nico y web en cookies. Esto es para tu comodidad, para que no tengas que volver a rellenar tus datos cuando dejes otro comentario. Estas cookies tendr\u00e1n una duraci\u00f3n de un a\u00f1o.<\/p><!-- \/wp:paragraph --><!-- wp:paragraph --><p>Si tienes una cuenta y te conectas a este sitio, instalaremos una cookie temporal para determinar si tu navegador acepta cookies. Esta cookie no contiene datos personales y se elimina al cerrar el navegador.<\/p><!-- \/wp:paragraph --><!-- wp:paragraph --><p>Cuando accedas, tambi\u00e9n instalaremos varias cookies para guardar tu informaci\u00f3n de acceso y tus opciones de visualizaci\u00f3n de pantalla. Las cookies de acceso duran dos d\u00edas, y las cookies de opciones de pantalla duran un a\u00f1o. Si seleccionas \u00abRecu\u00e9rdarme\u00bb, tu acceso perdurar\u00e1 durante dos semanas. Si sales de tu cuenta, las cookies de acceso se eliminar\u00e1n.<\/p><!-- \/wp:paragraph --><!-- wp:paragraph --><p>Si editas o publicas un art\u00edculo se guardar\u00e1 una cookie adicional en tu navegador. Esta cookie no incluye datos personales y simplemente indica el ID del art\u00edculo que acabas de editar. Caduca despu\u00e9s de 1 d\u00eda.<\/p><!-- \/wp:paragraph --><!-- wp:heading --><h2>Contenido incrustado de otros sitios web<\/h2><!-- \/wp:heading --><!-- wp:paragraph --><p><strong class=\"privacy-policy-tutorial\">Texto sugerido: <\/strong>Los art\u00edculos de este sitio pueden incluir contenido incrustado (por ejemplo, v\u00eddeos, im\u00e1genes, art\u00edculos, etc.). El contenido incrustado de otras webs se comporta exactamente de la misma manera que si el visitante hubiera visitado la otra web.<\/p><!-- \/wp:paragraph --><!-- wp:paragraph --><p>Estas web pueden recopilar datos sobre ti, utilizar cookies, incrustar un seguimiento adicional de terceros, y supervisar tu interacci\u00f3n con ese contenido incrustado, incluido el seguimiento de tu interacci\u00f3n con el contenido incrustado si tienes una cuenta y est\u00e1s conectado a esa web.<\/p><!-- \/wp:paragraph --><!-- wp:heading --><h2>Con qui\u00e9n compartimos tus datos<\/h2><!-- \/wp:heading --><!-- wp:paragraph --><p><strong class=\"privacy-policy-tutorial\">Texto sugerido: <\/strong>Si solicitas un restablecimiento de contrase\u00f1a, tu direcci\u00f3n IP ser\u00e1 incluida en el correo electr\u00f3nico de restablecimiento.<\/p><!-- \/wp:paragraph --><!-- wp:heading --><h2>Cu\u00e1nto tiempo conservamos tus datos<\/h2><!-- \/wp:heading --><!-- wp:paragraph --><p><strong class=\"privacy-policy-tutorial\">Texto sugerido: <\/strong>Si dejas un comentario, el comentario y sus metadatos se conservan indefinidamente. Esto es para que podamos reconocer y aprobar comentarios sucesivos autom\u00e1ticamente, en lugar de mantenerlos en una cola de moderaci\u00f3n.<\/p><!-- \/wp:paragraph --><!-- wp:paragraph --><p>De los usuarios que se registran en nuestra web (si los hay), tambi\u00e9n almacenamos la informaci\u00f3n personal que proporcionan en su perfil de usuario. Todos los usuarios pueden ver, editar o eliminar su informaci\u00f3n personal en cualquier momento (excepto que no pueden cambiar su nombre de usuario). Los administradores de la web tambi\u00e9n pueden ver y editar esa informaci\u00f3n.<\/p><!-- \/wp:paragraph --><!-- wp:heading --><h2>Qu\u00e9 derechos tienes sobre tus datos<\/h2><!-- \/wp:heading --><!-- wp:paragraph --><p><strong class=\"privacy-policy-tutorial\">Texto sugerido: <\/strong>Si tienes una cuenta o has dejado comentarios en esta web, puedes solicitar recibir un archivo de exportaci\u00f3n de los datos personales que tenemos sobre ti, incluyendo cualquier dato que nos hayas proporcionado. Tambi\u00e9n puedes solicitar que eliminemos cualquier dato personal que tengamos sobre ti. Esto no incluye ning\u00fan dato que estemos obligados a conservar con fines administrativos, legales o de seguridad.<\/p><!-- \/wp:paragraph --><!-- wp:heading --><h2>D\u00f3nde enviamos tus datos<\/h2><!-- \/wp:heading --><!-- wp:paragraph --><p><strong class=\"privacy-policy-tutorial\">Texto sugerido: <\/strong>Los comentarios de los visitantes puede que los revise un servicio de detecci\u00f3n autom\u00e1tica de spam.<\/p><!-- \/wp:paragraph -->","_et_gb_content_width":"","footnotes":""},"_links":{"self":[{"href":"https:\/\/firesystemintegral.com.mx\/index.php\/wp-json\/wp\/v2\/pages\/3"}],"collection":[{"href":"https:\/\/firesystemintegral.com.mx\/index.php\/wp-json\/wp\/v2\/pages"}],"about":[{"href":"https:\/\/firesystemintegral.com.mx\/index.php\/wp-json\/wp\/v2\/types\/page"}],"author":[{"embeddable":true,"href":"https:\/\/firesystemintegral.com.mx\/index.php\/wp-json\/wp\/v2\/users\/1"}],"replies":[{"embeddable":true,"href":"https:\/\/firesystemintegral.com.mx\/index.php\/wp-json\/wp\/v2\/comments?post=3"}],"version-history":[{"count":6,"href":"https:\/\/firesystemintegral.com.mx\/index.php\/wp-json\/wp\/v2\/pages\/3\/revisions"}],"predecessor-version":[{"id":301,"href":"https:\/\/firesystemintegral.com.mx\/index.php\/wp-json\/wp\/v2\/pages\/3\/revisions\/301"}],"wp:attachment":[{"href":"https:\/\/firesystemintegral.com.mx\/index.php\/wp-json\/wp\/v2\/media?parent=3"}],"curies":[{"name":"wp","href":"https:\/\/api.w.org\/{rel}","templated":true}]}}