{"id":67,"date":"2022-02-27T23:06:59","date_gmt":"2022-02-27T23:06:59","guid":{"rendered":"https:\/\/firesystemintegral.com.mx\/?page_id=67"},"modified":"2022-05-31T04:27:38","modified_gmt":"2022-05-31T04:27:38","slug":"nosotros","status":"publish","type":"page","link":"https:\/\/firesystemintegral.com.mx\/index.php\/nosotros\/","title":{"rendered":"Nosotros"},"content":{"rendered":"<p>[et_pb_section fb_built=&#8221;1&#8243; custom_padding_last_edited=&#8221;off|desktop&#8221; admin_label=&#8221;Header&#8221; _builder_version=&#8221;4.14.8&#8243; _module_preset=&#8221;default&#8221; use_background_color_gradient=&#8221;on&#8221; background_color_gradient_start=&#8221;rgba(0,7,36,0.85)&#8221; background_color_gradient_end=&#8221;rgba(0,7,36,0.85)&#8221; background_color_gradient_overlays_image=&#8221;on&#8221; background_image=&#8221;https:\/\/firesystemintegral.com.mx\/wp-content\/uploads\/2022\/03\/IMG-20190308-WA0032-scaled.jpeg&#8221; custom_padding=&#8221;8vw||0px||false|false&#8221; custom_padding_tablet=&#8221;120px||0px||false|false&#8221; custom_padding_phone=&#8221;80px||0px||false|false&#8221; locked=&#8221;off&#8221; global_colors_info=&#8221;{}&#8221;][et_pb_row _builder_version=&#8221;4.10.1&#8243; _module_preset=&#8221;default&#8221; locked=&#8221;off&#8221; global_colors_info=&#8221;{}&#8221;][et_pb_column type=&#8221;4_4&#8243; _builder_version=&#8221;4.10.0&#8243; _module_preset=&#8221;default&#8221; global_colors_info=&#8221;{}&#8221;][et_pb_text _builder_version=&#8221;4.14.8&#8243; _module_preset=&#8221;d72c0383-6487-4f2c-ac5c-7d48a6376757&#8243; header_font=&#8221;Arsenal||||||||&#8221; header_text_color=&#8221;#FFFFFF&#8221; header_font_size=&#8221;72px&#8221; header_line_height=&#8221;1.1em&#8221; text_orientation=&#8221;right&#8221; background_layout=&#8221;dark&#8221; max_width=&#8221;700px&#8221; module_alignment=&#8221;right&#8221; animation_direction=&#8221;top&#8221; header_font_size_tablet=&#8221;48px&#8221; header_font_size_phone=&#8221;24px&#8221; header_font_size_last_edited=&#8221;on|phone&#8221; inline_fonts=&#8221;Arsenal&#8221; global_colors_info=&#8221;{}&#8221;]<\/p>\n<h1><span style=\"font-family: Arsenal; font-weight: normal;\">Nosotros<\/span><\/h1>\n<p>[\/et_pb_text][\/et_pb_column][\/et_pb_row][et_pb_row column_structure=&#8221;3_5,2_5&#8243; make_equal=&#8221;on&#8221; _builder_version=&#8221;4.14.8&#8243; _module_preset=&#8221;default&#8221; custom_margin_tablet=&#8221;50px||||false|false&#8221; custom_margin_phone=&#8221;30px||||false|false&#8221; custom_margin_last_edited=&#8221;off|desktop&#8221; custom_padding=&#8221;1px||4px|||&#8221; locked=&#8221;off&#8221; global_colors_info=&#8221;{}&#8221;][et_pb_column type=&#8221;3_5&#8243; _builder_version=&#8221;4.10.4&#8243; _module_preset=&#8221;default&#8221; custom_padding=&#8221;||30px||false|false&#8221; global_colors_info=&#8221;{}&#8221;][et_pb_text _builder_version=&#8221;4.14.8&#8243; _module_preset=&#8221;4deaa1a6-d0cd-49d0-ada3-8dc22addd086&#8243; text_font=&#8221;Arsenal|700|||||||&#8221; header_font=&#8221;Arsenal||||||||&#8221; header_4_font=&#8221;Michroma|700||on|||||&#8221; header_4_text_color=&#8221;#FFFFFF&#8221; header_4_font_size=&#8221;14px&#8221; header_4_letter_spacing=&#8221;0.3em&#8221; header_4_line_height=&#8221;1.7em&#8221; text_orientation=&#8221;right&#8221; max_width=&#8221;430px&#8221; module_alignment=&#8221;right&#8221; custom_margin=&#8221;||0px||false|false&#8221; custom_padding=&#8221;||2px|||&#8221; header_4_font_size_tablet=&#8221;12px&#8221; header_4_font_size_phone=&#8221;10px&#8221; header_4_font_size_last_edited=&#8221;on|phone&#8221; locked=&#8221;off&#8221; global_colors_info=&#8221;{}&#8221;]<\/p>\n<h4>Brindamos asistencia para el control total de p\u00e9rdidas.<\/h4>\n<p>[\/et_pb_text][et_pb_text _builder_version=&#8221;4.14.8&#8243; _module_preset=&#8221;16a54059-cc81-4572-9c70-eda6a6c419bf&#8221; text_font=&#8221;Arsenal||||||||&#8221; text_text_color=&#8221;#FFFFFF&#8221; text_font_size=&#8221;16px&#8221; text_line_height=&#8221;1.8em&#8221; text_orientation=&#8221;right&#8221; max_width=&#8221;500px&#8221; module_alignment=&#8221;right&#8221; custom_margin=&#8221;20px||||false|false&#8221; text_font_size_tablet=&#8221;15px&#8221; text_font_size_phone=&#8221;14px&#8221; text_font_size_last_edited=&#8221;on|phone&#8221; header_font_size_tablet=&#8221;55px&#8221; header_font_size_last_edited=&#8221;off|desktop&#8221; locked=&#8221;off&#8221; global_colors_info=&#8221;{}&#8221;]<\/p>\n<p>Nuestro prop\u00f3sito es ser un socio confiable para usted en la lucha para lograr sus objetivos en su organizaci\u00f3n.<\/p>\n<p>[\/et_pb_text][\/et_pb_column][et_pb_column type=&#8221;2_5&#8243; _builder_version=&#8221;4.14.8&#8243; _module_preset=&#8221;default&#8221; background_color=&#8221;#FFC230&#8243; custom_padding=&#8221;40px|40px|40px|40px|false|true&#8221; custom_padding_tablet=&#8221;40px|30px|40px|30px|true|true&#8221; custom_padding_phone=&#8221;|20px||20px|false|true&#8221; custom_padding_last_edited=&#8221;on|phone&#8221; global_colors_info=&#8221;{}&#8221;][et_pb_text _builder_version=&#8221;4.14.8&#8243; _module_preset=&#8221;aec0be99-8a53-4f75-abf2-64f29a8b4cc2&#8243; text_font=&#8221;Arsenal||||||||&#8221; text_text_color=&#8221;#000724&#8243; text_font_size=&#8221;43px&#8221; text_line_height=&#8221;1em&#8221; custom_margin=&#8221;||-7px||false|false&#8221; text_font_size_tablet=&#8221;16px&#8221; text_font_size_phone=&#8221;13px&#8221; text_font_size_last_edited=&#8221;on|phone&#8221; locked=&#8221;off&#8221; global_colors_info=&#8221;{}&#8221;]<\/p>\n<p>Iniciamos operaciones en el a\u00f1o 2000<\/p>\n<p>[\/et_pb_text][et_pb_text _builder_version=&#8221;4.10.2&#8243; _module_preset=&#8221;3a5fa9a7-7987-4564-89a5-37b87a5b6ad8&#8243; header_font=&#8221;||||||||&#8221; header_3_font=&#8221;Michroma|700|||||||&#8221; header_3_text_color=&#8221;#000724&#8243; header_3_line_height=&#8221;1.5em&#8221; custom_margin=&#8221;||10px||false|false&#8221; header_3_font_size_tablet=&#8221;20px&#8221; header_3_font_size_phone=&#8221;16px&#8221; header_3_font_size_last_edited=&#8221;on|phone&#8221; locked=&#8221;off&#8221; global_colors_info=&#8221;{}&#8221;][\/et_pb_text][\/et_pb_column][\/et_pb_row][\/et_pb_section][et_pb_section fb_built=&#8221;1&#8243; admin_label=&#8221;About&#8221; _builder_version=&#8221;4.14.8&#8243; _module_preset=&#8221;default&#8221; min_height=&#8221;100px&#8221; height=&#8221;702px&#8221; overflow-x=&#8221;hidden&#8221; overflow-y=&#8221;hidden&#8221; custom_margin=&#8221;||8px||false|false&#8221; custom_padding=&#8221;0px||0px|||&#8221; global_colors_info=&#8221;{}&#8221;][et_pb_row column_structure=&#8221;3_5,2_5&#8243; _builder_version=&#8221;4.14.8&#8243; _module_preset=&#8221;default&#8221; custom_margin=&#8221;||0px||false|false&#8221; custom_padding=&#8221;0px||0px|||&#8221; global_colors_info=&#8221;{}&#8221;][et_pb_column type=&#8221;3_5&#8243; _builder_version=&#8221;4.14.8&#8243; _module_preset=&#8221;default&#8221; custom_padding=&#8221;10px||10px||false|false&#8221; custom_padding_tablet=&#8221;100px||||false|false&#8221; custom_padding_phone=&#8221;80px||||false|false&#8221; custom_padding_last_edited=&#8221;on|phone&#8221; global_colors_info=&#8221;{}&#8221;][et_pb_image src=&#8221;https:\/\/firesystemintegral.com.mx\/wp-content\/uploads\/2022\/02\/LOGOFSI.jpg&#8221; title_text=&#8221;LOGOFSI&#8221; _builder_version=&#8221;4.14.8&#8243; _module_preset=&#8221;default&#8221; max_width=&#8221;150px&#8221; max_width_tablet=&#8221;100px&#8221; max_width_phone=&#8221;80px&#8221; max_width_last_edited=&#8221;on|phone&#8221; global_colors_info=&#8221;{}&#8221;][\/et_pb_image][et_pb_text _builder_version=&#8221;4.14.8&#8243; _module_preset=&#8221;default&#8221; text_font=&#8221;Arsenal|700|||||||&#8221; text_font_size=&#8221;40px&#8221; locked=&#8221;off&#8221; inline_fonts=&#8221;Arsenal&#8221; global_colors_info=&#8221;{}&#8221;]<\/p>\n<p><span style=\"font-family: Arsenal; font-weight: normal;\">Presentaci\u00f3n:<\/span><\/p>\n<p>[\/et_pb_text][et_pb_text _builder_version=&#8221;4.14.8&#8243; _module_preset=&#8221;16a54059-cc81-4572-9c70-eda6a6c419bf&#8221; text_font=&#8221;Arsenal||||||||&#8221; text_font_size=&#8221;20px&#8221; text_line_height=&#8221;1.8em&#8221; custom_padding=&#8221;0px|||||&#8221; text_font_size_tablet=&#8221;15px&#8221; text_font_size_phone=&#8221;14px&#8221; text_font_size_last_edited=&#8221;on|phone&#8221; header_font_size_tablet=&#8221;55px&#8221; header_font_size_last_edited=&#8221;off|desktop&#8221; locked=&#8221;off&#8221; inline_fonts=&#8221;Arsenal&#8221; global_colors_info=&#8221;{}&#8221;]<\/p>\n<p style=\"text-align: justify;\"><span style=\"font-family: Arsenal; font-weight: normal;\">Estimado Profesional en la Prevenci\u00f3n de Riesgos, FSI es una empresa integradora, formada por especialistas en cada uno de los renglones de la administraci\u00f3n de riesgos (seguridad industrial, higiene industrial, salud ocupacional y ergonom\u00eda, protecci\u00f3n civil y contra incendio, seguridad en los procesos, protecci\u00f3n industrial, manejo de residuos peligrosos, primeros auxilios y conservaci\u00f3n del medio ambiente).<\/span><\/p>\n<p>[\/et_pb_text][\/et_pb_column][et_pb_column type=&#8221;2_5&#8243; _builder_version=&#8221;4.10.2&#8243; _module_preset=&#8221;default&#8221; global_colors_info=&#8221;{}&#8221;][et_pb_image src=&#8221;https:\/\/firesystemintegral.com.mx\/wp-content\/uploads\/2022\/03\/IMG-20160915-WA0055.jpg&#8221; title_text=&#8221;IMG-20160915-WA0055&#8243; force_fullwidth=&#8221;on&#8221; _builder_version=&#8221;4.14.8&#8243; _module_preset=&#8221;default&#8221; min_height=&#8221;401px&#8221; custom_margin=&#8221;|-42vw|451px||false|false&#8221; custom_margin_tablet=&#8221;|0vw|||false|false&#8221; custom_margin_phone=&#8221;&#8221; custom_margin_last_edited=&#8221;on|phone&#8221; custom_padding=&#8221;||788px|||&#8221; global_colors_info=&#8221;{}&#8221;][\/et_pb_image][\/et_pb_column][\/et_pb_row][\/et_pb_section][et_pb_section fb_built=&#8221;1&#8243; admin_label=&#8221;About&#8221; _builder_version=&#8221;4.14.8&#8243; _module_preset=&#8221;default&#8221; overflow-x=&#8221;hidden&#8221; overflow-y=&#8221;hidden&#8221; custom_margin=&#8221;||20px||false|false&#8221; custom_padding=&#8221;0px||0px||false|false&#8221; global_colors_info=&#8221;{}&#8221;][et_pb_row column_structure=&#8221;1_3,2_3&#8243; _builder_version=&#8221;4.14.8&#8243; _module_preset=&#8221;default&#8221; custom_margin=&#8221;||40px||false|false&#8221; custom_padding=&#8221;0px||0px|||&#8221; global_colors_info=&#8221;{}&#8221;][et_pb_column type=&#8221;1_3&#8243; _builder_version=&#8221;4.14.8&#8243; _module_preset=&#8221;default&#8221; background_image=&#8221;https:\/\/firesystemintegral.com.mx\/wp-content\/uploads\/2022\/03\/IMG_20181220_122708-scaled.jpg&#8221; custom_padding=&#8221;150px||50px||false|false&#8221; custom_padding_tablet=&#8221;100px||||false|false&#8221; custom_padding_phone=&#8221;80px||||false|false&#8221; custom_padding_last_edited=&#8221;on|phone&#8221; global_colors_info=&#8221;{}&#8221;][\/et_pb_column][et_pb_column type=&#8221;2_3&#8243; _builder_version=&#8221;4.10.2&#8243; _module_preset=&#8221;default&#8221; global_colors_info=&#8221;{}&#8221;][et_pb_text _builder_version=&#8221;4.14.8&#8243; _module_preset=&#8221;default&#8221; text_font=&#8221;Arsenal|700|||||||&#8221; text_font_size=&#8221;40px&#8221; custom_margin=&#8221;8px||||false|false&#8221; inline_fonts=&#8221;Arsenal&#8221; global_colors_info=&#8221;{}&#8221;]<\/p>\n<p><span style=\"font-family: Arsenal; font-weight: normal;\">Misi\u00f3n<\/span><\/p>\n<p>[\/et_pb_text][et_pb_text _builder_version=&#8221;4.14.8&#8243; _module_preset=&#8221;default&#8221; text_font=&#8221;Arsenal||||||||&#8221; text_font_size=&#8221;20px&#8221; custom_margin=&#8221;||0px||false|false&#8221; global_colors_info=&#8221;{}&#8221;]<\/p>\n<p style=\"text-align: justify;\">Somos una empresa mexicana, \u00a0construyendo nuestro propio futuro, cuyo prop\u00f3sito principal es la protecci\u00f3n de patrimonios con equipo profesional capacitado, certificado y actualizado, \u00a0brindando herramientas para reforzar la seguridad de nuestros clientes, con un servicio eficiente, seguro, honesto y bajo las leyes \u00a0vigentes de protecci\u00f3n civil.<\/p>\n<p>[\/et_pb_text][\/et_pb_column][\/et_pb_row][et_pb_row column_structure=&#8221;3_5,2_5&#8243; _builder_version=&#8221;4.14.8&#8243; _module_preset=&#8221;default&#8221; custom_margin=&#8221;||40px||false|false&#8221; global_colors_info=&#8221;{}&#8221;][et_pb_column type=&#8221;3_5&#8243; _builder_version=&#8221;4.14.8&#8243; _module_preset=&#8221;default&#8221; global_colors_info=&#8221;{}&#8221;][et_pb_text _builder_version=&#8221;4.14.8&#8243; _module_preset=&#8221;default&#8221; text_font=&#8221;Arsenal||||||||&#8221; text_font_size=&#8221;40px&#8221; global_colors_info=&#8221;{}&#8221;]<\/p>\n<p>Visi\u00f3n<\/p>\n<p>[\/et_pb_text][et_pb_text _builder_version=&#8221;4.14.8&#8243; _module_preset=&#8221;default&#8221; text_font=&#8221;Arsenal||||||||&#8221; text_font_size=&#8221;20px&#8221; global_colors_info=&#8221;{}&#8221;]<\/p>\n<p style=\"text-align: justify;\">Ser lideres al ofrecer un servicio profesional de excelencia, calidad en seguridad industrial y equipos contra incendios, para asegurar la satisfacci\u00f3n de los clientes y la rentabilidad de la empresa, con responsabilidad y sobre la mejora continua.<\/p>\n<p>[\/et_pb_text][\/et_pb_column][et_pb_column type=&#8221;2_5&#8243; _builder_version=&#8221;4.14.8&#8243; _module_preset=&#8221;default&#8221; global_colors_info=&#8221;{}&#8221;][et_pb_image src=&#8221;https:\/\/firesystemintegral.com.mx\/wp-content\/uploads\/2022\/03\/IMG_20181220_122718-scaled.jpg&#8221; title_text=&#8221;IMG_20181220_122718&#8243; _builder_version=&#8221;4.14.8&#8243; _module_preset=&#8221;default&#8221; global_colors_info=&#8221;{}&#8221;][\/et_pb_image][\/et_pb_column][\/et_pb_row][et_pb_row column_structure=&#8221;1_2,1_2&#8243; _builder_version=&#8221;4.14.8&#8243; _module_preset=&#8221;default&#8221; custom_margin=&#8221;||20px||false|false&#8221; custom_padding=&#8221;0px||0px|||&#8221; global_colors_info=&#8221;{}&#8221;][et_pb_column type=&#8221;1_2&#8243; _builder_version=&#8221;4.14.8&#8243; _module_preset=&#8221;default&#8221; background_image=&#8221;https:\/\/firesystemintegral.com.mx\/wp-content\/uploads\/2022\/04\/asesoria1.png&#8221; custom_padding=&#8221;150px||50px||false|false&#8221; custom_padding_tablet=&#8221;100px||||false|false&#8221; custom_padding_phone=&#8221;80px||||false|false&#8221; custom_padding_last_edited=&#8221;on|phone&#8221; global_colors_info=&#8221;{}&#8221;][\/et_pb_column][et_pb_column type=&#8221;1_2&#8243; _builder_version=&#8221;4.10.2&#8243; _module_preset=&#8221;default&#8221; global_colors_info=&#8221;{}&#8221;][et_pb_text _builder_version=&#8221;4.14.8&#8243; _module_preset=&#8221;default&#8221; text_font=&#8221;Arsenal||||||||&#8221; text_font_size=&#8221;40px&#8221; inline_fonts=&#8221;Arsenal&#8221; global_colors_info=&#8221;{}&#8221;]<\/p>\n<p>Valores<\/p>\n<p>[\/et_pb_text][et_pb_text _builder_version=&#8221;4.14.8&#8243; _module_preset=&#8221;default&#8221; text_font=&#8221;Arsenal||||||||&#8221; text_font_size=&#8221;20px&#8221; text_line_height=&#8221;1.3em&#8221; custom_margin=&#8221;||0px||false|false&#8221; custom_padding=&#8221;6px|||||&#8221; inline_fonts=&#8221;Arsenal&#8221; global_colors_info=&#8221;{}&#8221;]<\/p>\n<p>Nuestros objetivos van ligados a nuestros valores profesionales, \u00e9ticos y morales, siendo fundamentales para el \u00e9xito de FIRE SYSTEM INTEGRAL.<\/p>\n<ul>\n<li>Respeto<\/li>\n<li>Actitud de servicio<\/li>\n<li>Honestidad<\/li>\n<li>Puntualidad<\/li>\n<li>Trabajo en equipo<\/li>\n<li>Eficiencia<\/li>\n<li>Mejora continua<\/li>\n<\/ul>\n<p>[\/et_pb_text][\/et_pb_column][\/et_pb_row][et_pb_row column_structure=&#8221;3_5,2_5&#8243; _builder_version=&#8221;4.14.8&#8243; _module_preset=&#8221;default&#8221; custom_margin=&#8221;||40px||false|false&#8221; global_colors_info=&#8221;{}&#8221;][et_pb_column type=&#8221;3_5&#8243; _builder_version=&#8221;4.14.8&#8243; _module_preset=&#8221;default&#8221; global_colors_info=&#8221;{}&#8221;][et_pb_text _builder_version=&#8221;4.14.8&#8243; _module_preset=&#8221;default&#8221; text_font=&#8221;Arsenal||||||||&#8221; text_font_size=&#8221;40px&#8221; global_colors_info=&#8221;{}&#8221;]<\/p>\n<p>Principales Clientes<\/p>\n<p>[\/et_pb_text][et_pb_text _builder_version=&#8221;4.14.8&#8243; _module_preset=&#8221;default&#8221; text_font=&#8221;Arsenal||||||||&#8221; text_font_size=&#8221;20px&#8221; hover_enabled=&#8221;0&#8243; global_colors_info=&#8221;{}&#8221; sticky_enabled=&#8221;0&#8243;]<\/p>\n<p>&#8211; Autotek M\u00e9xico, S.A. de C.V.<\/p>\n<p>&#8211; Cleaver Brooks de M\u00e9xico, S.A. de C.V.<\/p>\n<p>&#8211; Contitech Fluid Distribuidora, S.A. de C.V.<\/p>\n<p>&#8211; Galletas Cu\u00e9tara, S.A. de C.V.<\/p>\n<p>&#8211; Instituto Operativo de la Industria del Vestido, S.C.<\/p>\n<p>&#8211; Gas Metropolitano, S.A. de C.V.<\/p>\n<p>&#8211; Hir Expo Internacional, S.A. de C.V.<\/p>\n<p>&#8211; Laboratorio de Especialidades Inmunol\u00f3gicas, S.A. de C.V.<\/p>\n<p>&#8211; Maderas Conglomeradas, S.A. de C.V.<\/p>\n<p>&#8211; Mexichem Resinas Vinilicas, S.A. de C.V.<\/p>\n<p>&#8211; Mol\u00e9culas Finas de M\u00e9xico, S.A. de C.V.<\/p>\n<p>&#8211; Muelles y Suspensiones V\u00e9rtiz, S.A. de C.V.<\/p>\n<p>&#8211; Solventes Mexicanos, S.A. de C.V.<\/p>\n<p>[\/et_pb_text][\/et_pb_column][et_pb_column type=&#8221;2_5&#8243; _builder_version=&#8221;4.14.8&#8243; _module_preset=&#8221;default&#8221; global_colors_info=&#8221;{}&#8221;][et_pb_image src=&#8221;https:\/\/firesystemintegral.com.mx\/wp-content\/uploads\/2022\/04\/collage.png&#8221; title_text=&#8221;collage&#8221; _builder_version=&#8221;4.14.8&#8243; _module_preset=&#8221;default&#8221; max_width=&#8221;95%&#8221; min_height=&#8221;425.4px&#8221; custom_margin=&#8221;77px||0px||false|false&#8221; global_colors_info=&#8221;{}&#8221;][\/et_pb_image][\/et_pb_column][\/et_pb_row][\/et_pb_section][et_pb_section fb_built=&#8221;1&#8243; parallax_1=&#8221;on&#8221; bg_img_1=&#8221;https:\/\/firesystemintegral.com.mx\/wp-content\/uploads\/2022\/02\/security-services-018.jpg&#8221; background_size_1=&#8221;cover&#8221; background_position_1=&#8221;center_left&#8221; padding_top_bottom_link_1=&#8221;false&#8221; padding_left_right_link_1=&#8221;true&#8221; padding_top_1=&#8221;60px&#8221; padding_right_1=&#8221;60px&#8221; padding_bottom_1=&#8221;100px&#8221; padding_left_1=&#8221;60px&#8221; admin_label=&#8221;Stats&#8221; _builder_version=&#8221;4.14.8&#8243; _module_preset=&#8221;default&#8221; use_background_color_gradient=&#8221;on&#8221; background_color_gradient_start=&#8221;rgba(255,255,255,0)&#8221; background_color_gradient_end=&#8221;gcid-224594ce-0b6b-42c4-8091-8ac0f25b0fdf&#8221; background_color_gradient_direction=&#8221;40deg&#8221; background_color_gradient_start_position=&#8221;85%&#8221; background_color_gradient_end_position=&#8221;85%&#8221; min_height=&#8221;145.6px&#8221; custom_margin=&#8221;20px||-41px||false|false&#8221; custom_padding=&#8221;0px||0px||false|false&#8221; background_last_edited=&#8221;off|desktop&#8221; global_colors_info=&#8221;{%22gcid-224594ce-0b6b-42c4-8091-8ac0f25b0fdf%22:%91%22colorStart%22%93}&#8221;][et_pb_row column_structure=&#8221;1_2,1_2&#8243; _builder_version=&#8221;4.14.8&#8243; _module_preset=&#8221;default&#8221; global_colors_info=&#8221;{}&#8221;][et_pb_column type=&#8221;1_2&#8243; _builder_version=&#8221;4.10.2&#8243; _module_preset=&#8221;default&#8221; global_colors_info=&#8221;{}&#8221;][et_pb_text _builder_version=&#8221;4.10.2&#8243; _module_preset=&#8221;3a5fa9a7-7987-4564-89a5-37b87a5b6ad8&#8243; header_font=&#8221;||||||||&#8221; header_3_font=&#8221;Michroma|700|||||||&#8221; header_3_text_color=&#8221;#000724&#8243; header_3_line_height=&#8221;1.5em&#8221; custom_margin=&#8221;||0px||false|false&#8221; header_3_font_size_tablet=&#8221;20px&#8221; header_3_font_size_phone=&#8221;16px&#8221; header_3_font_size_last_edited=&#8221;on|phone&#8221; locked=&#8221;off&#8221; global_colors_info=&#8221;{}&#8221;]<\/p>\n<h3>+ de 100\u00a0<\/h3>\n<p>[\/et_pb_text][et_pb_text _builder_version=&#8221;4.10.4&#8243; _module_preset=&#8221;aec0be99-8a53-4f75-abf2-64f29a8b4cc2&#8243; text_font=&#8221;Ubuntu|500|||||||&#8221; text_text_color=&#8221;#ED4421&#8243; text_font_size=&#8221;17px&#8221; text_line_height=&#8221;1.8em&#8221; text_font_size_tablet=&#8221;16px&#8221; text_font_size_phone=&#8221;13px&#8221; text_font_size_last_edited=&#8221;on|phone&#8221; locked=&#8221;off&#8221; global_colors_info=&#8221;{}&#8221;]<\/p>\n<p>Clientes<\/p>\n<p>[\/et_pb_text][\/et_pb_column][et_pb_column type=&#8221;1_2&#8243; _builder_version=&#8221;4.10.2&#8243; _module_preset=&#8221;default&#8221; global_colors_info=&#8221;{}&#8221;][et_pb_text _builder_version=&#8221;4.14.8&#8243; _module_preset=&#8221;3a5fa9a7-7987-4564-89a5-37b87a5b6ad8&#8243; header_font=&#8221;||||||||&#8221; header_3_font=&#8221;Michroma|700|||||||&#8221; header_3_text_color=&#8221;#000724&#8243; header_3_line_height=&#8221;1.5em&#8221; custom_margin=&#8221;||0px||false|false&#8221; header_3_font_size_tablet=&#8221;20px&#8221; header_3_font_size_phone=&#8221;16px&#8221; header_3_font_size_last_edited=&#8221;on|phone&#8221; locked=&#8221;off&#8221; global_colors_info=&#8221;{}&#8221;]<\/p>\n<h3>+20<\/h3>\n<p>[\/et_pb_text][et_pb_text _builder_version=&#8221;4.14.8&#8243; _module_preset=&#8221;aec0be99-8a53-4f75-abf2-64f29a8b4cc2&#8243; text_font=&#8221;Ubuntu|500|||||||&#8221; text_text_color=&#8221;#ED4421&#8243; text_font_size=&#8221;17px&#8221; text_line_height=&#8221;1.8em&#8221; text_font_size_tablet=&#8221;16px&#8221; text_font_size_phone=&#8221;13px&#8221; text_font_size_last_edited=&#8221;on|phone&#8221; locked=&#8221;off&#8221; global_colors_info=&#8221;{}&#8221;]<\/p>\n<p>A\u00f1os de servicio<\/p>\n<p>[\/et_pb_text][\/et_pb_column][\/et_pb_row][\/et_pb_section]<\/p>\n","protected":false},"excerpt":{"rendered":"<p>NosotrosBrindamos asistencia para el control total de p\u00e9rdidas.Nuestro prop\u00f3sito es ser un socio confiable para usted en la lucha para lograr sus objetivos en su organizaci\u00f3n.Iniciamos operaciones en el a\u00f1o 2000Presentaci\u00f3n:Estimado Profesional en la Prevenci\u00f3n de Riesgos, FSI es una empresa integradora, formada por especialistas en cada uno de los renglones de la administraci\u00f3n de [&hellip;]<\/p>\n","protected":false},"author":1,"featured_media":0,"parent":0,"menu_order":0,"comment_status":"closed","ping_status":"closed","template":"","meta":{"_et_pb_use_builder":"on","_et_pb_old_content":"","_et_gb_content_width":"","footnotes":""},"_links":{"self":[{"href":"https:\/\/firesystemintegral.com.mx\/index.php\/wp-json\/wp\/v2\/pages\/67"}],"collection":[{"href":"https:\/\/firesystemintegral.com.mx\/index.php\/wp-json\/wp\/v2\/pages"}],"about":[{"href":"https:\/\/firesystemintegral.com.mx\/index.php\/wp-json\/wp\/v2\/types\/page"}],"author":[{"embeddable":true,"href":"https:\/\/firesystemintegral.com.mx\/index.php\/wp-json\/wp\/v2\/users\/1"}],"replies":[{"embeddable":true,"href":"https:\/\/firesystemintegral.com.mx\/index.php\/wp-json\/wp\/v2\/comments?post=67"}],"version-history":[{"count":26,"href":"https:\/\/firesystemintegral.com.mx\/index.php\/wp-json\/wp\/v2\/pages\/67\/revisions"}],"predecessor-version":[{"id":369,"href":"https:\/\/firesystemintegral.com.mx\/index.php\/wp-json\/wp\/v2\/pages\/67\/revisions\/369"}],"wp:attachment":[{"href":"https:\/\/firesystemintegral.com.mx\/index.php\/wp-json\/wp\/v2\/media?parent=67"}],"curies":[{"name":"wp","href":"https:\/\/api.w.org\/{rel}","templated":true}]}}