{"id":84,"date":"2022-02-27T23:12:53","date_gmt":"2022-02-27T23:12:53","guid":{"rendered":"https:\/\/firesystemintegral.com.mx\/?page_id=84"},"modified":"2022-06-08T04:40:40","modified_gmt":"2022-06-08T04:40:40","slug":"servicios","status":"publish","type":"page","link":"https:\/\/firesystemintegral.com.mx\/index.php\/servicios\/","title":{"rendered":"Cursos"},"content":{"rendered":"<p>[et_pb_section fb_built=&#8221;1&#8243; custom_padding_last_edited=&#8221;off|desktop&#8221; admin_label=&#8221;Header&#8221; _builder_version=&#8221;4.14.8&#8243; _module_preset=&#8221;default&#8221; use_background_color_gradient=&#8221;on&#8221; background_color_gradient_start=&#8221;#ffffff&#8221; background_color_gradient_end=&#8221;rgba(237,68,33,0.85)&#8221; background_color_gradient_direction=&#8221;40deg&#8221; background_color_gradient_start_position=&#8221;30%&#8221; background_color_gradient_end_position=&#8221;30%&#8221; background_color_gradient_overlays_image=&#8221;on&#8221; background_image=&#8221;https:\/\/firesystemintegral.com.mx\/wp-content\/uploads\/2022\/04\/Flaviocurso-1.png&#8221; custom_margin=&#8221;1px||||false|false&#8221; custom_padding=&#8221;0vw||0vw||true|false&#8221; custom_padding_tablet=&#8221;80px||80px||true|false&#8221; custom_padding_phone=&#8221;40px||40px||true|false&#8221; global_colors_info=&#8221;{}&#8221;][et_pb_row custom_padding_last_edited=&#8221;on|phone&#8221; _builder_version=&#8221;4.10.5&#8243; _module_preset=&#8221;default&#8221; background_color=&#8221;gcid-1507814a-0ca7-4d7b-a1ae-cfb45ab2c929&#8243; custom_padding=&#8221;60px|60px|0px|60px|false|true&#8221; custom_padding_tablet=&#8221;40px|30px||30px|false|true&#8221; custom_padding_phone=&#8221;|20px||20px|false|true&#8221; box_shadow_style=&#8221;preset1&#8243; box_shadow_horizontal=&#8221;30px&#8221; box_shadow_vertical=&#8221;100px&#8221; box_shadow_blur=&#8221;120px&#8221; box_shadow_color=&#8221;rgba(0,7,36,0.7)&#8221; global_colors_info=&#8221;{%22gcid-1507814a-0ca7-4d7b-a1ae-cfb45ab2c929%22:%91%22background_color%22%93}&#8221;][et_pb_column type=&#8221;4_4&#8243; _builder_version=&#8221;4.10.5&#8243; _module_preset=&#8221;default&#8221; global_colors_info=&#8221;{}&#8221;][et_pb_text _builder_version=&#8221;4.14.8&#8243; _module_preset=&#8221;d72c0383-6487-4f2c-ac5c-7d48a6376757&#8243; text_font=&#8221;Arsenal||||||||&#8221; header_font=&#8221;Michroma||||||||&#8221; header_text_color=&#8221;#FFFFFF&#8221; header_font_size=&#8221;72px&#8221; header_line_height=&#8221;1.1em&#8221; background_layout=&#8221;dark&#8221; min_height=&#8221;268.6px&#8221; custom_margin=&#8221;-44px|||159px|false|false&#8221; custom_padding=&#8221;0px|||||&#8221; animation_direction=&#8221;top&#8221; header_font_size_tablet=&#8221;48px&#8221; header_font_size_phone=&#8221;24px&#8221; header_font_size_last_edited=&#8221;on|phone&#8221; locked=&#8221;off&#8221; inline_fonts=&#8221;Arsenal&#8221; global_colors_info=&#8221;{}&#8221;]<\/p>\n<h1><span style=\"font-family: Arsenal; font-weight: normal;\">Cursos <\/span><span style=\"font-family: Arsenal;\">de capacitaci\u00f3n y adiestramiento<\/span><\/h1>\n<p>[\/et_pb_text][\/et_pb_column][\/et_pb_row][et_pb_row column_structure=&#8221;2_3,1_3&#8243; custom_padding_last_edited=&#8221;on|tablet&#8221; _builder_version=&#8221;4.10.5&#8243; _module_preset=&#8221;default&#8221; background_color=&#8221;gcid-1507814a-0ca7-4d7b-a1ae-cfb45ab2c929&#8243; custom_padding=&#8221;|60px|60px|60px|false|true&#8221; custom_padding_tablet=&#8221;|30px|40px|30px|false|true&#8221; custom_padding_phone=&#8221;|20px||20px|false|true&#8221; box_shadow_style=&#8221;preset1&#8243; box_shadow_horizontal=&#8221;30px&#8221; box_shadow_vertical=&#8221;100px&#8221; box_shadow_blur=&#8221;120px&#8221; box_shadow_color=&#8221;rgba(0,7,36,0.7)&#8221; global_colors_info=&#8221;{%22gcid-1507814a-0ca7-4d7b-a1ae-cfb45ab2c929%22:%91%22background_color%22%93}&#8221;][et_pb_column type=&#8221;2_3&#8243; _builder_version=&#8221;4.10.3&#8243; _module_preset=&#8221;default&#8221; global_colors_info=&#8221;{}&#8221;][et_pb_text _builder_version=&#8221;4.14.8&#8243; _module_preset=&#8221;aec0be99-8a53-4f75-abf2-64f29a8b4cc2&#8243; text_font=&#8221;Arsenal||||||||&#8221; text_text_color=&#8221;#FFFFFF&#8221; text_font_size=&#8221;17px&#8221; text_line_height=&#8221;1.8em&#8221; custom_padding=&#8221;||0px|||&#8221; text_font_size_tablet=&#8221;16px&#8221; text_font_size_phone=&#8221;13px&#8221; text_font_size_last_edited=&#8221;on|phone&#8221; locked=&#8221;off&#8221; inline_fonts=&#8221;Arsenal&#8221; global_colors_info=&#8221;{}&#8221;]<\/p>\n<p><span style=\"font-family: Arsenal;\">Todos los cursos que ofrecemos tienen la certificaci\u00f3n de la Secretar\u00eda del Trabajo y Previsi\u00f3n Social (STPS)<\/span><\/p>\n<p>[\/et_pb_text][\/et_pb_column][et_pb_column type=&#8221;1_3&#8243; _builder_version=&#8221;4.10.3&#8243; _module_preset=&#8221;default&#8221; global_colors_info=&#8221;{}&#8221;][\/et_pb_column][\/et_pb_row][\/et_pb_section][et_pb_section fb_built=&#8221;1&#8243; admin_label=&#8221;About&#8221; _builder_version=&#8221;4.10.5&#8243; _module_preset=&#8221;default&#8221; background_color=&#8221;RGBA(0,0,0,0)&#8221; custom_margin=&#8221;-66px|||||&#8221; custom_padding=&#8221;60px|||||&#8221; global_colors_info=&#8221;{}&#8221;][et_pb_row column_structure=&#8221;1_2,1_2&#8243; _builder_version=&#8221;4.10.3&#8243; _module_preset=&#8221;default&#8221; min_height=&#8221;213px&#8221; custom_padding=&#8221;||0px|||&#8221; global_colors_info=&#8221;{}&#8221;][et_pb_column type=&#8221;1_2&#8243; _builder_version=&#8221;4.10.3&#8243; _module_preset=&#8221;default&#8221; global_colors_info=&#8221;{}&#8221;][et_pb_text _builder_version=&#8221;4.14.8&#8243; _module_preset=&#8221;32021f09-dd67-47fb-8f9a-832b72a38baf&#8221; text_font=&#8221;Arsenal||||||||&#8221; header_2_font=&#8221;Michroma||||||||&#8221; header_2_text_color=&#8221;#000724&#8243; header_2_font_size=&#8221;40px&#8221; header_2_line_height=&#8221;1.35em&#8221; custom_margin=&#8221;||5px||false|false&#8221; header_2_font_size_tablet=&#8221;32px&#8221; header_2_font_size_phone=&#8221;20px&#8221; header_2_font_size_last_edited=&#8221;on|tablet&#8221; locked=&#8221;off&#8221; inline_fonts=&#8221;Arsenal&#8221; global_colors_info=&#8221;{}&#8221;]<\/p>\n<h2><span style=\"font-family: Arsenal;\">Detalle de los cursos<\/span><\/h2>\n<p>[\/et_pb_text][et_pb_text _builder_version=&#8221;4.14.8&#8243; _module_preset=&#8221;16a54059-cc81-4572-9c70-eda6a6c419bf&#8221; text_font=&#8221;Arsenal|700|||||||&#8221; text_font_size=&#8221;16px&#8221; text_line_height=&#8221;1.8em&#8221; text_font_size_tablet=&#8221;15px&#8221; text_font_size_phone=&#8221;14px&#8221; text_font_size_last_edited=&#8221;on|phone&#8221; header_font_size_tablet=&#8221;55px&#8221; header_font_size_last_edited=&#8221;off|desktop&#8221; locked=&#8221;off&#8221; global_colors_info=&#8221;{}&#8221;]<\/p>\n<p>Nuestros cursos son impartidos por personal calificado y certificado en:<\/p>\n<p>[\/et_pb_text][\/et_pb_column][et_pb_column type=&#8221;1_2&#8243; _builder_version=&#8221;4.10.3&#8243; _module_preset=&#8221;default&#8221; global_colors_info=&#8221;{}&#8221;][et_pb_image src=&#8221;https:\/\/firesystemintegral.com.mx\/wp-content\/uploads\/2022\/02\/cursocontraincendio.jpg&#8221; title_text=&#8221;cursocontraincendio&#8221; _builder_version=&#8221;4.14.8&#8243; _module_preset=&#8221;default&#8221; global_colors_info=&#8221;{}&#8221;][\/et_pb_image][\/et_pb_column][\/et_pb_row][et_pb_row _builder_version=&#8221;4.14.8&#8243; _module_preset=&#8221;default&#8221; custom_margin=&#8221;-33px|auto||auto||&#8221; global_colors_info=&#8221;{}&#8221;][et_pb_column type=&#8221;4_4&#8243; _builder_version=&#8221;4.14.8&#8243; _module_preset=&#8221;default&#8221; global_colors_info=&#8221;{}&#8221;][et_pb_text _builder_version=&#8221;4.14.8&#8243; _module_preset=&#8221;default&#8221; text_font=&#8221;Arsenal||||||||&#8221; hover_enabled=&#8221;0&#8243; global_colors_info=&#8221;{}&#8221; sticky_enabled=&#8221;0&#8243;]<\/p>\n<p><strong><em>1.- COMUNICACI\u00d3N DE RIESGO POR SUSTANCIAS QU\u00cdMICAS PELIGROSAS.<\/em><\/strong><strong><em>\u00a0 NOM-018-STPS-2015.<\/em><\/strong><\/p>\n<p><strong><em>2.- EL FUEGO, SU PREVENCI\u00d3N Y COMBATE. <\/em><\/strong><strong><em>NOM-002-STPS-2010<\/em><\/strong><\/p>\n<ol start=\"3\">\n<li><strong><em> SEGURIDAD EL\u00c9CTRICA.<\/em><\/strong><strong style=\"font-size: 14px;\"><em>\u00a0NOM-029-STPS-2011<\/em><\/strong><\/li>\n<\/ol>\n<ol start=\"4\">\n<li><strong><em> CONDICIONES DE SEGURIDAD PARA REALIZAR TRABAJOS EN ALTURA.<\/em><\/strong><strong style=\"font-size: 14px;\"><em>\u00a0 NOM-009-STPS-2011.<\/em><\/strong><\/li>\n<\/ol>\n<p><strong><em>5.- RECIPIENTES SUJETOS A PRESI\u00d3N, RECIPIENTES\u00a0 CRIOG\u00c9NICOS\u00a0 Y <\/em><\/strong><strong style=\"font-size: 14px;\"><em>\u00a0GENERADORES DE VAPOR \u00a0O\u00a0 CALDERAS \u2013 FUNCIONAMIENTO \u2013\u00a0 \u00a0 \u00a0<\/em><\/strong><\/p>\n<p><strong><em>\u00a0\u00a0\u00a0 CONDICIONES DE\u00a0 SEGURIDAD.<\/em><\/strong><strong style=\"font-size: 14px;\"><em>\u00a0 NOM-020-STPS-2011.<\/em><\/strong><\/p>\n<p><strong><em>6.- AN\u00c1LISIS DE SEGURIDAD EN EL TRABAJO (AST).<\/em><\/strong><\/p>\n<p><strong><em>7.- SEGURIDAD EN EL TRABAJO POR LA OBSERVACI\u00d3N PREVENTIVA.(STOP).<\/em><\/strong><strong><em>\u00a0PARA SUPERVISORES.<\/em><\/strong><\/p>\n<p><strong><em>8.- SEGURIDAD EN EL TRABAJO POR LA OBSERVACI\u00d3N PREVENTIVA.(STOP).<\/em><\/strong><strong><em>\u00a0PARA EMPLEADOS.<\/em><\/strong><\/p>\n<p><strong><em>9.- STOP EMPLEADOS. FORMACI\u00d3N DE INSTRUCTORES. (SEFI).<\/em><\/strong><\/p>\n<p><strong><em>10.- MANEJO M\u00c1S SEGURO.<\/em><\/strong><\/p>\n<p><strong><em>11.- FORMACI\u00d3N DE BRIGADAS DE PRIMEROS AUXILIOS.<\/em><\/strong><\/p>\n<p><strong><em>12.- STOP AVANZADO.<\/em><\/strong><\/p>\n<p><strong><em>13.- STOP PARA TODOS.<\/em><\/strong><\/p>\n<p><strong><em>14.- STOP PARA NUESTRO MEDIO AMBIENTE.<\/em><\/strong><\/p>\n<p><strong><em>15.- STOP PARA LA ERGONOM\u00cdA.<\/em><\/strong><\/p>\n<p><strong><em>16.- MONTACARGAS: CAPACITACI\u00d3N PARA OPERADORES. CURSO B\u00c1SICO.<\/em><\/strong><\/p>\n<p><strong><em>17.- AUDITOR\u00cdAS EFECTIVAS. (SISTEMA SSPA).<\/em><\/strong><\/p>\n<p><strong><em>18.- TOMA DOS. (Toma Dos Minutos\u2026).<\/em><\/strong><\/p>\n<p><strong><em>19.- SERIE DE PR\u00c1CTICAS SEGURAS. Principios de Seguridad. Planeaci\u00f3n por <\/em><\/strong><strong style=\"font-size: 14px;\"><em>Seguridad. Seguridad de la Espalda. Entrada a Espacios. Riesgos de los <\/em><\/strong><strong style=\"font-size: 14px;\"><em>L\u00edquidos Inflamables. Seguridad de las Manos. Orden y Limpieza en el Trabajo.<\/em><\/strong><strong style=\"font-size: 14px;\"><em> Seguridad en el Laboratorio. Bloqueos de Seguridad. Seguridad en la Oficina.<\/em><\/strong><em><b style=\"font-size: 14px;\">\u00a0Puntos de Pellizco. <\/b><b>Extintores<\/b><b style=\"font-size: 14px;\"> Port\u00e1tiles. Riesgos de las Herramientas <\/b><\/em><strong><em>Port\u00e1tiles. Resbalones, Tropezones y Ca\u00eddas. Electricidad Est\u00e1ticas.<\/em><\/strong><\/p>\n<p><strong><em>20.- BLOQUEO Y ETIQUETADO DE SEGURIDAD (LOTO). NOM-004-STPS-1999.<\/em><\/strong><\/p>\n<p><strong><em>21.- MANEJO, TRANSPORTE Y ALMACENAMIENTO DE SUSTANCIAS QU\u00cdMICAS <\/em><\/strong><strong><em>PELIGROSAS. NOM-005-STPS-1998.<\/em><\/strong><\/p>\n<p><strong><em>22.- MANEJO YALMACENAMIENTO DE MATERIALES. CONDICIONES DE<\/em><\/strong><strong style=\"font-size: 14px;\"><em>\u00a0SEGURIDAD Y SALUD EN EL TRABAJO. NOM-006-STPS-2014.<\/em><\/strong><\/p>\n<p><strong><em>23.- EQUIPO DE PROTECCI\u00d3N PERSONAL. SELECCI\u00d3N, USO Y MANEJO EN LOS <\/em><\/strong><strong style=\"font-size: 14px;\"><em>CENTROS DE TRABAJO. NOM-017-STPS-2008.<\/em><\/strong><\/p>\n<p><strong><em>24.- ACTIVIDADES DE SOLDADURA Y CORTE. CONDICIONES DE SEGURIDAD E <\/em><\/strong><strong style=\"font-size: 14px;\"><em>HIGIENE.\u00a0 NOM-027-STPS-2008.<\/em><\/strong><\/p>\n<p><strong><em>25.- CONDICIONES DE SEGURIDAD PARA REALIZAR TRABAJOS EN ESPACIOS<\/em><\/strong><strong style=\"font-size: 14px;\"><em>\u00a0CONFINADOS. <\/em><\/strong><strong style=\"font-size: 14px;\"><em>NOM-033-STPS-2015.<\/em><\/strong><\/p>\n<p><strong><em>26.- AGENTES QU\u00cdMICOS CONTAMINANTES DEL AMBIENTE LABORAL.<\/em><\/strong><strong style=\"font-size: 14px;\"><em>\u00a0RECONOCIMIENTO, EVALUACI\u00d3N Y CONTROL. NOM-010-STPS-2014.<\/em><\/strong><\/p>\n<p><strong><em>27.- CONSTITUCI\u00d3N, INTEGRACI\u00d3N, ORGANIZACI\u00d3N Y FUNCIONAMIENTO DE LAS<\/em><\/strong><strong style=\"font-size: 14px;\"><em>\u00a0COMISIONES DE SEGURIDAD E HIGIENE. NOM-019-STPS-2011.<\/em><\/strong><\/p>\n<p><strong><em>28.- COLORES Y SE\u00d1ALES DE SEGURIDAD E HIGIENE E IDENTIFICACI\u00d3N DE<\/em><\/strong><strong style=\"font-size: 14px;\"><em>\u00a0RIESGOS POR FLU\u00cdDOS CONDUCIDOS EN TUBER\u00cdAS. <\/em><\/strong><strong style=\"font-size: 14px;\"><em>NOM-026-STPS-2008.<\/em><\/strong><\/p>\n<p><strong><em>29.- SISTEMA PARA LA ADMINISTRACI\u00d3N DEL TRABAJO. SEGURIDAD EN LOS <\/em><\/strong><strong style=\"font-size: 14px;\"><em>PROCESOS Y EQUIPOS CR\u00cdTICOS QUE MANEJEN SUSTANCIAS QU\u00cdMICAS<\/em><\/strong><\/p>\n<p><strong><em>\u00a0\u00a0\u00a0\u00a0\u00a0 PELIGROSAS. <\/em><\/strong><strong><em>NOM-028-STPS-2012.<\/em><\/strong><\/p>\n<p><strong><em>30.- CONSTRUCCI\u00d3N. CONDICIONES DE SEGURIDAD Y SALUD EN EL TRABAJO.<\/em><\/strong><strong><em>\u00a0 NOM-031-STPS-2011.<\/em><\/strong><\/p>\n<p><strong><em>31.- MANEJO SEGURO DEL AMONIACO. NOM-005-STPS-1998.<\/em><\/strong><\/p>\n<p><strong><em>32.- MANEJO SEGURO DEL \u00c1CIDO SULFH\u00cdDRICO (H<\/em><\/strong><strong><em>2<\/em><\/strong><strong><em>S). NOM-005-STPS-1998.<\/em><\/strong><\/p>\n<p><strong><em>33.- INVESTIGACI\u00d3N Y AN\u00c1LISIS \u00a0DE \u00a0INCIDENTES\/ACCIDENTES. CAUSAS RA\u00cdZ.<\/em><\/strong><\/p>\n<p><strong><em>34.- EDIFICIOS, LOCALES, INSTALACIONES Y \u00c1REAS EN LOS CENTROS DE T<\/em><\/strong><strong style=\"font-size: 14px;\"><em>RABAJO. CONDICIONES DE SEGURIDAD. NOM-001-STPS-2008.<\/em><\/strong><\/p>\n<p><strong><em>35.- ELECTRICIDAD\u00a0 EST\u00c1TICA EN LOS CENTROS DE TRABAJO. CONDICIONES<\/em><\/strong><strong><em>\u00a0DE\u00a0 SEGURIDAD. NOM-022-STPS-2008. <\/em><\/strong><\/p>\n<p><strong><em>36.- SERVICIOS PREVENTIVOS DE SEGURIDAD Y SALUD EN EL TRABAJO.<\/em><\/strong><strong style=\"font-size: 14px;\"><em>\u00a0FUNCIONES Y ACTIVIDADES. NOM-030-STPS-2009.<\/em><\/strong><\/p>\n<p><strong style=\"font-size: 14px;\"><em>37.- PRACTICAS CONTRA INCENDIO CON FUEGO VIVO<\/em><\/strong><\/p>\n<p><strong style=\"font-size: 14px;\"><em>38.- PRIMEROS AUXILIOS, A TODOS LOS NIVELES<\/em><\/strong><\/p>\n<p>[\/et_pb_text][\/et_pb_column][\/et_pb_row][\/et_pb_section][et_pb_section fb_built=&#8221;1&#8243; admin_label=&#8221;Testimonial&#8221; _builder_version=&#8221;4.10.3&#8243; _module_preset=&#8221;default&#8221; custom_margin=&#8221;-101px|||||&#8221; global_colors_info=&#8221;{}&#8221;][et_pb_row column_structure=&#8221;1_2,1_2&#8243; _builder_version=&#8221;4.10.3&#8243; _module_preset=&#8221;default&#8221; global_colors_info=&#8221;{}&#8221;][et_pb_column type=&#8221;1_2&#8243; _builder_version=&#8221;4.10.3&#8243; _module_preset=&#8221;default&#8221; global_colors_info=&#8221;{}&#8221;][et_pb_image src=&#8221;https:\/\/firesystemintegral.com.mx\/wp-content\/uploads\/2022\/02\/capacitado1.jpg&#8221; title_text=&#8221;capacitado1&#8243; _builder_version=&#8221;4.14.8&#8243; _module_preset=&#8221;default&#8221; global_colors_info=&#8221;{}&#8221;][\/et_pb_image][et_pb_text _builder_version=&#8221;4.14.8&#8243; _module_preset=&#8221;default&#8221; text_font=&#8221;Arsenal|700|||||||&#8221; text_font_size=&#8221;20px&#8221; global_colors_info=&#8221;{}&#8221;]<\/p>\n<p>Semblanza de Instructores<\/p>\n<p>[\/et_pb_text][et_pb_button button_url=&#8221;https:\/\/firesystemintegral.com.mx\/wp-content\/uploads\/2022\/04\/Flavio.pdf&#8221; button_text=&#8221;Ing. Flavio de Jes\u00fas S\u00e1nchez Islas&#8221; _builder_version=&#8221;4.14.8&#8243; _module_preset=&#8221;default&#8221; global_colors_info=&#8221;{}&#8221;][\/et_pb_button][et_pb_button button_url=&#8221;https:\/\/firesystemintegral.com.mx\/wp-content\/uploads\/2022\/05\/Julio.pdf&#8221; button_text=&#8221;Ing. Julio Palacios Castillo&#8221; _builder_version=&#8221;4.14.8&#8243; _module_preset=&#8221;default&#8221; global_colors_info=&#8221;{}&#8221;][\/et_pb_button][\/et_pb_column][et_pb_column type=&#8221;1_2&#8243; _builder_version=&#8221;4.10.3&#8243; _module_preset=&#8221;default&#8221; global_colors_info=&#8221;{}&#8221;][et_pb_text _builder_version=&#8221;4.14.8&#8243; _module_preset=&#8221;3a5fa9a7-7987-4564-89a5-37b87a5b6ad8&#8243; text_font=&#8221;Arsenal||||||||&#8221; header_font=&#8221;||||||||&#8221; header_3_font=&#8221;Michroma|700|||||||&#8221; header_3_text_color=&#8221;#000724&#8243; header_3_line_height=&#8221;1.5em&#8221; custom_margin=&#8221;||10px||false|false&#8221; header_3_font_size_tablet=&#8221;20px&#8221; header_3_font_size_phone=&#8221;16px&#8221; header_3_font_size_last_edited=&#8221;on|phone&#8221; locked=&#8221;off&#8221; inline_fonts=&#8221;Arsenal&#8221; global_colors_info=&#8221;{}&#8221;]<\/p>\n<h3><strong><span style=\"font-family: Arsenal;\">Para informaci\u00f3n m\u00e1s detallada .<\/span><\/strong><\/h3>\n<p>[\/et_pb_text][et_pb_button button_url=&#8221;https:\/\/firesystemintegral.com.mx\/index.php\/contacto\/&#8221; button_text=&#8221;Cont\u00e1ctenos&#8221; _builder_version=&#8221;4.14.8&#8243; _module_preset=&#8221;a1a44e28-0dd8-4472-a0f2-f03501a13878&#8243; custom_button=&#8221;on&#8221; button_text_size=&#8221;20px&#8221; button_text_color=&#8221;#FFFFFF&#8221; button_bg_color=&#8221;#ED4421&#8243; button_border_width=&#8221;0px&#8221; button_border_radius=&#8221;0px&#8221; button_font=&#8221;Arsenal|700|||||||&#8221; button_icon=&#8221;&#xe03c;||divi||400&#8243; custom_padding=&#8221;15px|30px|18px|30px|false|true&#8221; custom_padding_tablet=&#8221;12px|20px|15px|20px|false|true&#8221; custom_padding_phone=&#8221;&#8221; custom_padding_last_edited=&#8221;on|tablet&#8221; locked=&#8221;off&#8221; global_colors_info=&#8221;{}&#8221; button_text_color__hover=&#8221;#FFC230&#8243; button_text_color__hover_enabled=&#8221;on|desktop&#8221; button_bg_color__hover=&#8221;#544E70&#8243; button_bg_color__hover_enabled=&#8221;on|hover&#8221; custom_padding__hover=&#8221;|45px|||false|false&#8221; custom_padding__hover_enabled=&#8221;on|desktop&#8221; button_bg_enable_color__hover=&#8221;on&#8221;][\/et_pb_button][\/et_pb_column][\/et_pb_row][\/et_pb_section]<\/p>\n","protected":false},"excerpt":{"rendered":"<p>Cursos de capacitaci\u00f3n y adiestramientoTodos los cursos que ofrecemos tienen la certificaci\u00f3n de la Secretar\u00eda del Trabajo y Previsi\u00f3n Social (STPS)Detalle de los cursosNuestros cursos son impartidos por personal calificado y certificado en:1.- COMUNICACI\u00d3N DE RIESGO POR SUSTANCIAS QU\u00cdMICAS PELIGROSAS.\u00a0 NOM-018-STPS-2015. 2.- EL FUEGO, SU PREVENCI\u00d3N Y COMBATE. NOM-002-STPS-2010 SEGURIDAD EL\u00c9CTRICA.\u00a0NOM-029-STPS-2011 CONDICIONES DE SEGURIDAD PARA [&hellip;]<\/p>\n","protected":false},"author":1,"featured_media":0,"parent":0,"menu_order":0,"comment_status":"closed","ping_status":"closed","template":"","meta":{"_et_pb_use_builder":"on","_et_pb_old_content":"","_et_gb_content_width":"","footnotes":""},"_links":{"self":[{"href":"https:\/\/firesystemintegral.com.mx\/index.php\/wp-json\/wp\/v2\/pages\/84"}],"collection":[{"href":"https:\/\/firesystemintegral.com.mx\/index.php\/wp-json\/wp\/v2\/pages"}],"about":[{"href":"https:\/\/firesystemintegral.com.mx\/index.php\/wp-json\/wp\/v2\/types\/page"}],"author":[{"embeddable":true,"href":"https:\/\/firesystemintegral.com.mx\/index.php\/wp-json\/wp\/v2\/users\/1"}],"replies":[{"embeddable":true,"href":"https:\/\/firesystemintegral.com.mx\/index.php\/wp-json\/wp\/v2\/comments?post=84"}],"version-history":[{"count":30,"href":"https:\/\/firesystemintegral.com.mx\/index.php\/wp-json\/wp\/v2\/pages\/84\/revisions"}],"predecessor-version":[{"id":374,"href":"https:\/\/firesystemintegral.com.mx\/index.php\/wp-json\/wp\/v2\/pages\/84\/revisions\/374"}],"wp:attachment":[{"href":"https:\/\/firesystemintegral.com.mx\/index.php\/wp-json\/wp\/v2\/media?parent=84"}],"curies":[{"name":"wp","href":"https:\/\/api.w.org\/{rel}","templated":true}]}}